{"id":22,"date":"2020-01-27T19:32:57","date_gmt":"2020-01-27T19:32:57","guid":{"rendered":"http:\/\/jeshua.net\/de\/wp\/?page_id=22"},"modified":"2020-01-31T13:35:17","modified_gmt":"2020-01-31T13:35:17","slug":"willkommen","status":"publish","type":"page","link":"https:\/\/jeshua.net\/de\/","title":{"rendered":"Willkommen!"},"content":{"rendered":"\n<p>Auf dieser Seite stellen wir Ihnen sprituelle Botschaften \u00fcber inneres Wachstum, die Christusenergie, die Lichtarbeiter, die neue Erde und \u00fcber den \u00dcbergang vom egobasierten zum herzbasierten Bewusstsein zur Verf\u00fcgung. Diese Botschaften wurden mittels einer inneren Verbindung zu Jeshua gechannelt. \u201eJeshua ben Joseph\u201c ist der aram\u00e4ische Originalname von Jesus, der Personifikation der Christusenergie auf Erden. Bei diesen Channelings erscheint er als Jeshua, als unser Bruder und Freund, nicht als die verg\u00f6ttlichte Autorit\u00e4t, zu der ihn die Tradition gemacht hat. Seine Energie ist immer noch f\u00fcr uns zug\u00e4nglich, nicht so sehr als ein fixiertes System von Ideen und Regeln, sondern als ein Wegweiser, der uns den Weg zu Christus in uns zeigt. <\/p>\n\n\n\n<h3 class=\"wp-block-heading\"><strong>Wer sind wir?<\/strong><\/h3>\n\n\n\n<p>Wir sind verheiratet und haben unsere eigene spirituelle Praxis in den Niederlanden (Europa). Wir arbeiten mit der Energie Jeshuas seit 2002. Pamela channelt Jeshua und Gerrit ist Regressionstherapeut und begleitet Pamela regelm\u00e4\u00dfig in den Channeling-Sitzungen.<\/p>\n\n\n\n<div class=\"wp-block-image\"><figure class=\"alignright size-large\"><img loading=\"lazy\" decoding=\"async\" width=\"300\" height=\"303\" src=\"http:\/\/jeshua.net\/de\/wp\/wp-content\/uploads\/2020\/01\/Gerrit-Pamela-2019.jpg\" alt=\"\" class=\"wp-image-23\" srcset=\"https:\/\/jeshua.net\/de\/wp\/wp-content\/uploads\/2020\/01\/Gerrit-Pamela-2019.jpg 300w, https:\/\/jeshua.net\/de\/wp\/wp-content\/uploads\/2020\/01\/Gerrit-Pamela-2019-297x300.jpg 297w, https:\/\/jeshua.net\/de\/wp\/wp-content\/uploads\/2020\/01\/Gerrit-Pamela-2019-267x270.jpg 267w\" sizes=\"auto, (max-width: 300px) 100vw, 300px\" \/><\/figure><\/div>\n\n\n\n<p>Pamela:<\/p>\n\n\n\n<p><em>\u201eF\u00fcr mich bezieht sich der Name Jeshua nicht so sehr auf die historische Pers\u00f6nlichkeit Jesus, sondern auf die universelle Christusenergie, von der wir alle ein Teil sind. Wenn ich Jeshua channele, f\u00fchle ich mich tief in dieses Feld von Liebe und Mitgef\u00fchl hineingezogen und in dieser Verfassung empfange ich die Botschaften Jeshuas\u201c<\/em>&nbsp;<\/p>\n\n\n\n<h3 class=\"wp-block-heading\"><strong>Wie soll dieses Material gelesen werden?<\/strong><\/h3>\n\n\n\n<p>Die Channelings sind in der Reihenfolge ihres Empfangs aufgelistet. Die Reihe \u201eLichtarbeiter\u201c hat dabei Basischarakter, da sie einige Grundideen erkl\u00e4rt und ein Teil der sp\u00e4teren Botschaften sich auf sie bezieht. Die anderen Channelings wurden live im Beisein von Publikum empfangen und beziehen sich auf verschiedene Themen wie Beziehungen, Arbeit, Selbstheilung und so weiter.<\/p>\n\n\n\n<p>Um mehr \u00fcber die Identit\u00e4t von Jeshua zu erfahren, siehe\u00a0<a href=\"https:\/\/jeshua.net\/de\/wer-sind-wir\/unterhaltung-mit-jeshua\/\">\u201eWer ist Jeshua?\u201c<\/a>\u201d<\/p>\n\n\n\n<p>Um mehr da\u00fcber zu erfahren was \u201echanneling\u201c ist und wie Pamela begann, Jeshua zu channeln, siehe \u201e<a href=\"https:\/\/jeshua.net\/de\/wer-sind-wir\/pamela-kribbe\/\">Biographie und einige Anmerkungen zum Channeling<\/a>\u201c.<\/p>\n\n\n\n<h3 class=\"wp-block-heading\"><strong>Newsletter<\/strong><\/h3>\n\n\n\n<p>Diese Seite wird st\u00e4ndig erneuert. Falls Sie \u00fcber neue Channelings informiert werden m\u00f6chten,  geben Sie Ihre E-Mail-Adresse in das unten stehende Feld ein und klicken  Sie auf \u201cSenden\u201d. Sie erhalten unseren kostenlosen Newsletter. <\/p>\n\n\n\n<p><strong>\n<div class=\"wpcf7 no-js\" id=\"wpcf7-f129-o1\" lang=\"nl-NL\" dir=\"ltr\" data-wpcf7-id=\"129\">\n<div class=\"screen-reader-response\"><p role=\"status\" aria-live=\"polite\" aria-atomic=\"true\"><\/p> <ul><\/ul><\/div>\n<form action=\"\/de\/wp-json\/wp\/v2\/pages\/22#wpcf7-f129-o1\" method=\"post\" class=\"wpcf7-form init\" aria-label=\"Contactformulier\" novalidate=\"novalidate\" data-status=\"init\">\n<fieldset class=\"hidden-fields-container\"><input type=\"hidden\" name=\"_wpcf7\" value=\"129\" \/><input type=\"hidden\" name=\"_wpcf7_version\" value=\"6.1.5\" \/><input type=\"hidden\" name=\"_wpcf7_locale\" value=\"nl_NL\" \/><input type=\"hidden\" name=\"_wpcf7_unit_tag\" value=\"wpcf7-f129-o1\" \/><input type=\"hidden\" name=\"_wpcf7_container_post\" value=\"0\" \/><input type=\"hidden\" name=\"_wpcf7_posted_data_hash\" value=\"\" \/><input type=\"hidden\" name=\"_wpcf7_recaptcha_response\" value=\"\" \/>\n<\/fieldset>\n<p><label> Ihre E-Mail (Plichtfeld)<br \/>\n<span class=\"wpcf7-form-control-wrap\" data-name=\"your-email\"><input size=\"40\" maxlength=\"400\" class=\"wpcf7-form-control wpcf7-email wpcf7-validates-as-required wpcf7-text wpcf7-validates-as-email\" aria-required=\"true\" aria-invalid=\"false\" value=\"\" type=\"email\" name=\"your-email\" \/><\/span> <\/label>\n<\/p>\n<p><input class=\"wpcf7-form-control wpcf7-submit has-spinner\" type=\"submit\" value=\"Senden\" \/>\n<\/p><div class=\"wpcf7-response-output\" aria-hidden=\"true\"><\/div>\n<\/form>\n<\/div>\n<\/strong><\/p>\n\n\n\n<h3 class=\"wp-block-heading\"><strong>Kontaktinformation<\/strong><\/h3>\n\n\n\n<p>Wir freuen uns auf Ihr Feedback, doch wegen der Menge an Korrespondenz,  die wir bekommen, sind wir nicht in der Lage, auf alle E-Mails zu  antworten. Ebenso bieten wir keine spirituellen und therapeutischen  Ratschl\u00e4ge per E-Mail an. Doch wir m\u00f6chten Ihnen versichern, dass wir  uns freuen, Ihre Reaktionen zu lesen!                                                                                            <\/p>\n\n\n\n\n<div class=\"wpcf7 no-js\" id=\"wpcf7-f12-o2\" lang=\"nl-NL\" dir=\"ltr\" data-wpcf7-id=\"12\">\n<div class=\"screen-reader-response\"><p role=\"status\" aria-live=\"polite\" aria-atomic=\"true\"><\/p> <ul><\/ul><\/div>\n<form action=\"\/de\/wp-json\/wp\/v2\/pages\/22#wpcf7-f12-o2\" method=\"post\" class=\"wpcf7-form init\" aria-label=\"Contactformulier\" novalidate=\"novalidate\" data-status=\"init\">\n<fieldset class=\"hidden-fields-container\"><input type=\"hidden\" name=\"_wpcf7\" value=\"12\" \/><input type=\"hidden\" name=\"_wpcf7_version\" value=\"6.1.5\" \/><input type=\"hidden\" name=\"_wpcf7_locale\" value=\"nl_NL\" \/><input type=\"hidden\" name=\"_wpcf7_unit_tag\" value=\"wpcf7-f12-o2\" \/><input type=\"hidden\" name=\"_wpcf7_container_post\" value=\"0\" \/><input type=\"hidden\" name=\"_wpcf7_posted_data_hash\" value=\"\" \/><input type=\"hidden\" name=\"_wpcf7_recaptcha_response\" value=\"\" \/>\n<\/fieldset>\n<p><label> Ihr Name (Plichtfeld)<br \/>\n<span class=\"wpcf7-form-control-wrap\" data-name=\"your-name\"><input size=\"40\" maxlength=\"400\" class=\"wpcf7-form-control wpcf7-text wpcf7-validates-as-required\" aria-required=\"true\" aria-invalid=\"false\" value=\"\" type=\"text\" name=\"your-name\" \/><\/span> <\/label>\n<\/p>\n<p><label> Ihre E-Mail (Plichtfeld)<br \/>\n<span class=\"wpcf7-form-control-wrap\" data-name=\"your-email\"><input size=\"40\" maxlength=\"400\" class=\"wpcf7-form-control wpcf7-email wpcf7-validates-as-required wpcf7-text wpcf7-validates-as-email\" aria-required=\"true\" aria-invalid=\"false\" value=\"\" type=\"email\" name=\"your-email\" \/><\/span> <\/label>\n<\/p>\n<p><label> Betreff<br \/>\n<span class=\"wpcf7-form-control-wrap\" data-name=\"your-subject\"><input size=\"40\" maxlength=\"400\" class=\"wpcf7-form-control wpcf7-text\" aria-invalid=\"false\" value=\"\" type=\"text\" name=\"your-subject\" \/><\/span> <\/label>\n<\/p>\n<p><label>Ihre Nachricht<br \/>\n<span class=\"wpcf7-form-control-wrap\" data-name=\"your-message\"><textarea cols=\"40\" rows=\"10\" maxlength=\"2000\" class=\"wpcf7-form-control wpcf7-textarea\" aria-invalid=\"false\" name=\"your-message\"><\/textarea><\/span> <\/label>\n<\/p>\n<p><input class=\"wpcf7-form-control wpcf7-submit has-spinner\" type=\"submit\" value=\"Senden\" \/>\n<\/p><div class=\"wpcf7-response-output\" aria-hidden=\"true\"><\/div>\n<\/form>\n<\/div>\n\n\n\n\n<p><br><\/p>\n","protected":false},"excerpt":{"rendered":"<p>Auf dieser Seite stellen wir Ihnen sprituelle Botschaften \u00fcber inneres Wachstum, die Christusenergie, die Lichtarbeiter, die neue Erde und \u00fcber den \u00dcbergang vom egobasierten zum herzbasierten Bewusstsein zur Verf\u00fcgung. Diese Botschaften wurden mittels einer inneren Verbindung zu Jeshua gechannelt. \u201eJeshua ben Joseph\u201c ist der aram\u00e4ische Originalname von Jesus, der Personifikation der Christusenergie auf Erden&#8230;.<\/p>\n<p class=\"read-more\"><a class=\"btn btn-default\" href=\"https:\/\/jeshua.net\/de\/\"> Read More<span class=\"screen-reader-text\">  Read More<\/span><\/a><\/p>\n","protected":false},"author":1,"featured_media":0,"parent":0,"menu_order":0,"comment_status":"closed","ping_status":"closed","template":"","meta":{"footnotes":""},"class_list":["post-22","page","type-page","status-publish","hentry"],"_links":{"self":[{"href":"https:\/\/jeshua.net\/de\/wp-json\/wp\/v2\/pages\/22","targetHints":{"allow":["GET"]}}],"collection":[{"href":"https:\/\/jeshua.net\/de\/wp-json\/wp\/v2\/pages"}],"about":[{"href":"https:\/\/jeshua.net\/de\/wp-json\/wp\/v2\/types\/page"}],"author":[{"embeddable":true,"href":"https:\/\/jeshua.net\/de\/wp-json\/wp\/v2\/users\/1"}],"replies":[{"embeddable":true,"href":"https:\/\/jeshua.net\/de\/wp-json\/wp\/v2\/comments?post=22"}],"version-history":[{"count":6,"href":"https:\/\/jeshua.net\/de\/wp-json\/wp\/v2\/pages\/22\/revisions"}],"predecessor-version":[{"id":445,"href":"https:\/\/jeshua.net\/de\/wp-json\/wp\/v2\/pages\/22\/revisions\/445"}],"wp:attachment":[{"href":"https:\/\/jeshua.net\/de\/wp-json\/wp\/v2\/media?parent=22"}],"curies":[{"name":"wp","href":"https:\/\/api.w.org\/{rel}","templated":true}]}}