{"id":6,"date":"2021-03-03T10:07:28","date_gmt":"2021-03-03T10:07:28","guid":{"rendered":"https:\/\/jeshua.net\/esp\/wp\/?page_id=6"},"modified":"2025-02-20T14:42:38","modified_gmt":"2025-02-20T14:42:38","slug":"bienvenidos","status":"publish","type":"page","link":"https:\/\/jeshua.net\/esp\/","title":{"rendered":"\u00a1Bienvenidos!"},"content":{"rendered":"<div class=\"wp-block-image\">\n<figure class=\"alignright size-full\"><img loading=\"lazy\" decoding=\"async\" width=\"194\" height=\"300\" src=\"https:\/\/jeshua.net\/esp\/wp\/wp-content\/uploads\/2024\/08\/Pamela-2023-1-194x300-2.jpg\" alt=\"\" class=\"wp-image-912\" srcset=\"https:\/\/jeshua.net\/esp\/wp\/wp-content\/uploads\/2024\/08\/Pamela-2023-1-194x300-2.jpg 194w, https:\/\/jeshua.net\/esp\/wp\/wp-content\/uploads\/2024\/08\/Pamela-2023-1-194x300-2-175x270.jpg 175w\" sizes=\"auto, (max-width: 194px) 100vw, 194px\" \/><\/figure>\n<\/div>\n\n\n<p>En este sitio web compartimos mensajes espirituales sobre crecimiento interior, la energ\u00eda de Cristo, los trabajadores de la luz, la nueva Tierra y la transici\u00f3n desde una consciencia basada en el ego hacia una consciencia basada en el coraz\u00f3n. Estos mensajes han sido y son recibidos mediante una conexi\u00f3n interna con Jeshua, personificaci\u00f3n de la energ\u00eda Cr\u00edstica en la Tierra y m\u00e1s conocido como Jeshua ben Joseph, su nombre original en arameo, o Jes\u00fas. En estas canalizaciones, Jeshua \u2014que as\u00ed prefiere presentarse\u2014 viene a nosotros como un hermano y amigo, no como la autoridad divinizada en que la tradici\u00f3n lo convirti\u00f3. Su energ\u00eda sigue presente entre nosotros, no tanto como un conjunto cerrado de ideas o normas, sino como una gu\u00eda que nos muestra el camino hacia nuestro Cristo interior.&nbsp;&nbsp;<\/p>\n\n\n<div class=\"wp-block-image\">\n<figure class=\"alignright size-full is-resized\"><img loading=\"lazy\" decoding=\"async\" width=\"300\" height=\"341\" src=\"https:\/\/jeshua.net\/esp\/wp\/wp-content\/uploads\/2024\/08\/Gerrit-aug-2024-1.jpg\" alt=\"\" class=\"wp-image-913\" style=\"width:216px;height:auto\" srcset=\"https:\/\/jeshua.net\/esp\/wp\/wp-content\/uploads\/2024\/08\/Gerrit-aug-2024-1.jpg 300w, https:\/\/jeshua.net\/esp\/wp\/wp-content\/uploads\/2024\/08\/Gerrit-aug-2024-1-264x300.jpg 264w, https:\/\/jeshua.net\/esp\/wp\/wp-content\/uploads\/2024\/08\/Gerrit-aug-2024-1-238x270.jpg 238w\" sizes=\"auto, (max-width: 300px) 100vw, 300px\" \/><\/figure>\n<\/div>\n\n\n<p class=\"has-text-align-left\"><strong>\u00bfQui\u00e9nes somos?<\/strong><\/p>\n\n\n\n<p>Somos marido y mujer, y tenemos nuestro propio consultorio espiritual en Holanda (Europa). Llevamos trabajando con la energ\u00eda de Jeshua desde el a\u00f1o 2002. Pamela canaliza sus mensajes y Gerrit la acompa\u00f1a siempre en sus sesiones, adem\u00e1s de ser terapeuta en regresi\u00f3n. Ofrecemos asesoramiento e impartimos talleres en distintos pa\u00edses, y nos produce una inmensa alegr\u00eda conectar con los miembros de nuestra familia \u00e1lmica en todo el mundo.<\/p>\n\n\n<div class=\"wp-block-image\">\n<figure class=\"alignright size-full is-resized\"><a href=\"https:\/\/vesicapiscis.eu\/produit\/el-hombre-prohibido-habla\" target=\"_blank\" rel=\" noreferrer noopener\"><img loading=\"lazy\" decoding=\"async\" width=\"475\" height=\"587\" src=\"https:\/\/jeshua.net\/esp\/wp\/wp-content\/uploads\/2025\/02\/sb2.jpg\" alt=\"\" class=\"wp-image-990\" style=\"width:291px;height:auto\" srcset=\"https:\/\/jeshua.net\/esp\/wp\/wp-content\/uploads\/2025\/02\/sb2.jpg 475w, https:\/\/jeshua.net\/esp\/wp\/wp-content\/uploads\/2025\/02\/sb2-243x300.jpg 243w, https:\/\/jeshua.net\/esp\/wp\/wp-content\/uploads\/2025\/02\/sb2-218x270.jpg 218w\" sizes=\"auto, (max-width: 475px) 100vw, 475px\" \/><\/a><figcaption class=\"wp-element-caption\"><em><strong><a href=\"https:\/\/vesicapiscis.eu\/produit\/el-hombre-prohibido-habla\" target=\"_blank\" rel=\"noreferrer noopener\">Comprar<\/a><\/strong><\/em><\/figcaption><\/figure>\n<\/div>\n\n\n<p>Pamela:<\/p>\n\n\n\n<p><em>\u201c<em>Para m\u00ed, el nombre de Jeshua no se refiere tanto a la personalidad hist\u00f3rica de Jes\u00fas como a la energ\u00eda Cr\u00edstica universal de la cual todos formamos parte. Cuando canalizo a Jeshua, me siento profundamente atra\u00edda hacia ese campo de amor y compasi\u00f3n, y es en ese estado de consciencia en que recibo los mensajes de Jeshua<\/em>.\u201d<\/em><br><br>Traductoras al espa\u00f1ol del material canalizado por Pamela Kribbe: Sandra Gusella (Rosario, Argentina), Laura Fern\u00e1ndez (Madrid, Espa\u00f1a).<br><br>Para m\u00e1s informaci\u00f3n sobre nosotros, consulte nuestras biograf\u00edas.<\/p>\n\n\n<div class=\"wp-block-image\">\n<figure class=\"alignright size-full is-resized\"><a href=\"https:\/\/vesicapiscis.eu\/produit\/la-mujer-prohibida-habla\" target=\"_blank\" rel=\"noreferrer noopener\"><img loading=\"lazy\" decoding=\"async\" width=\"376\" height=\"528\" src=\"https:\/\/jeshua.net\/esp\/wp\/wp-content\/uploads\/2024\/02\/sbg.jpg\" alt=\"\" class=\"wp-image-794\" style=\"width:287px;height:auto\" srcset=\"https:\/\/jeshua.net\/esp\/wp\/wp-content\/uploads\/2024\/02\/sbg.jpg 376w, https:\/\/jeshua.net\/esp\/wp\/wp-content\/uploads\/2024\/02\/sbg-214x300.jpg 214w, https:\/\/jeshua.net\/esp\/wp\/wp-content\/uploads\/2024\/02\/sbg-192x270.jpg 192w\" sizes=\"auto, (max-width: 376px) 100vw, 376px\" \/><\/a><figcaption class=\"wp-element-caption\"><em>\u00abMe ha encantado el libro La Mujer Prohibida Habla. Cada p\u00e1gina desprende amor y sabidur\u00eda. Adem\u00e1s es muy pr\u00e1ctico y cercano. Sientes que est\u00e1s teniendo t\u00fa misma una conversaci\u00f3n con Mar\u00eda Magdalena.<br>Gracias. &#8211; Sonia\u00bb<\/em><br><br><em><a href=\"https:\/\/vesicapiscis.eu\/produit\/la-mujer-prohibida-habla\" target=\"_blank\" rel=\"noreferrer noopener\"><strong>Comprar<\/strong><\/a><br><a href=\"https:\/\/jeshua.net\/esp\/wp\/wp-content\/uploads\/2024\/02\/Dos-Press-Pam.pdf\" target=\"_blank\" rel=\"noreferrer noopener\"><strong>M\u00e1s informaci\u00f3n<\/strong><\/a><\/em><\/figcaption><\/figure>\n<\/div>\n\n\n<p><strong>C\u00f3mo leer el material<\/strong><\/p>\n\n\n\n<p>Las canalizaciones se van subiendo a la web a medida que las recibimos. La Serie de los Trabajadores de la Luz es b\u00e1sica, en el sentido de que explica algunas ideas centrales que muchos mensajes posteriores vuelven a retomar. El resto de las canalizaciones han sido recibidas en directo ante una audiencia y tratan diferentes temas, tales como las relaciones, el trabajo, la autosanaci\u00f3n y muchos m\u00e1s.<\/p>\n\n\n\n<p>Para saber m\u00e1s sobre la identidad de Jeshua, consulte: \u201c<a href=\"https:\/\/jeshua.net\/esp\/jeshua\/quien-es-jeshua\/\">\u00bfQui\u00e9n es Jeshua?<\/a>\u201d<\/p>\n\n\n\n<p>Para saber m\u00e1s acerca del proceso de canalizaci\u00f3n y c\u00f3mo fue que Pamela empez\u00f3 a canalizar a Jeshua, consulte: <a href=\"https:\/\/jeshua.net\/esp\/quienes-somos\/pamela-kribbe\/\" target=\"_blank\" rel=\"noreferrer noopener\">\u201cBiograf\u00eda y algunos comentarios sobre canalizaci\u00f3n\u201d<\/a><\/p>\n\n\n\n<p><strong><a href=\"https:\/\/jeshua.net\/esp\/uncategorized\/boletin-de-noticias\/\"><u>Bolet\u00edn de Noticias<\/u><\/a><br><br><\/strong>Este sitio se actualiza frecuentemente con material nuevo. Si desea que se le notifiquen las \u00faltimas novedades, registre su e-mail en la casilla de abajo y pulse \u201cSuscribir\u201d. Recibir\u00e1 gratis nuestro bolet\u00edn de noticias.<\/p>\n\n\n\n\n<div class=\"wpcf7 no-js\" id=\"wpcf7-f341-o1\" lang=\"es-ES\" dir=\"ltr\" data-wpcf7-id=\"341\">\n<div class=\"screen-reader-response\"><p role=\"status\" aria-live=\"polite\" aria-atomic=\"true\"><\/p> <ul><\/ul><\/div>\n<form action=\"\/esp\/wp-json\/wp\/v2\/pages\/6#wpcf7-f341-o1\" method=\"post\" class=\"wpcf7-form init\" aria-label=\"Formulario de contacto\" novalidate=\"novalidate\" data-status=\"init\">\n<fieldset class=\"hidden-fields-container\"><input type=\"hidden\" name=\"_wpcf7\" value=\"341\" \/><input type=\"hidden\" name=\"_wpcf7_version\" value=\"6.1.5\" \/><input type=\"hidden\" name=\"_wpcf7_locale\" value=\"es_ES\" \/><input type=\"hidden\" name=\"_wpcf7_unit_tag\" value=\"wpcf7-f341-o1\" \/><input type=\"hidden\" name=\"_wpcf7_container_post\" value=\"0\" \/><input type=\"hidden\" name=\"_wpcf7_posted_data_hash\" value=\"\" \/><input type=\"hidden\" name=\"_wpcf7_recaptcha_response\" value=\"\" \/>\n<\/fieldset>\n<p><label> Tu correo electr\u00f3nico<br \/>\n<span class=\"wpcf7-form-control-wrap\" data-name=\"your-email\"><input size=\"40\" maxlength=\"400\" class=\"wpcf7-form-control wpcf7-email wpcf7-validates-as-required wpcf7-text wpcf7-validates-as-email\" aria-required=\"true\" aria-invalid=\"false\" value=\"\" type=\"email\" name=\"your-email\" \/><\/span> <\/label>\n<\/p>\n<p><input class=\"wpcf7-form-control wpcf7-submit has-spinner\" type=\"submit\" value=\"Suscribir\" \/>\n<\/p><div class=\"wpcf7-response-output\" aria-hidden=\"true\"><\/div>\n<\/form>\n<\/div>\n\n\n\n\n<p>Nos encanta leer sus comentarios, pero, debido al volumen de mensajes que recibimos, no podemos responder a todos los e-mails. Por otro lado, no ofrecemos asesoramiento personalizado por e-mail. Sepan, sin embargo, que \u00a1agradecemos profundamente sus comentarios!<\/p>\n\n\n\n<figure class=\"wp-block-gallery has-nested-images columns-default is-cropped wp-block-gallery-1 is-layout-flex wp-block-gallery-is-layout-flex\">\n<figure class=\"wp-block-image size-large\"><a href=\"https:\/\/vesicapiscis.eu\/produit\/el-hombre-prohibido-habla\" target=\"_blank\" rel=\" noreferrer noopener\"><img loading=\"lazy\" decoding=\"async\" width=\"576\" height=\"1024\" data-id=\"991\" src=\"https:\/\/jeshua.net\/esp\/wp\/wp-content\/uploads\/2025\/02\/sb3-576x1024.jpg\" alt=\"\" class=\"wp-image-991\" srcset=\"https:\/\/jeshua.net\/esp\/wp\/wp-content\/uploads\/2025\/02\/sb3-576x1024.jpg 576w, https:\/\/jeshua.net\/esp\/wp\/wp-content\/uploads\/2025\/02\/sb3-169x300.jpg 169w, https:\/\/jeshua.net\/esp\/wp\/wp-content\/uploads\/2025\/02\/sb3-768x1365.jpg 768w, https:\/\/jeshua.net\/esp\/wp\/wp-content\/uploads\/2025\/02\/sb3-864x1536.jpg 864w, https:\/\/jeshua.net\/esp\/wp\/wp-content\/uploads\/2025\/02\/sb3-152x270.jpg 152w, https:\/\/jeshua.net\/esp\/wp\/wp-content\/uploads\/2025\/02\/sb3-562x999.jpg 562w, https:\/\/jeshua.net\/esp\/wp\/wp-content\/uploads\/2025\/02\/sb3.jpg 900w\" sizes=\"auto, (max-width: 576px) 100vw, 576px\" \/><\/a><\/figure>\n\n\n\n<figure class=\"wp-block-image size-large\"><a href=\"https:\/\/vesicapiscis.eu\/produit\/la-mujer-prohibida-habla\" target=\"_blank\" rel=\" noreferrer noopener\"><img loading=\"lazy\" decoding=\"async\" width=\"500\" height=\"593\" data-id=\"804\" src=\"https:\/\/jeshua.net\/esp\/wp\/wp-content\/uploads\/2024\/03\/Spaans-boek-I.jpg\" alt=\"\" class=\"wp-image-804\" srcset=\"https:\/\/jeshua.net\/esp\/wp\/wp-content\/uploads\/2024\/03\/Spaans-boek-I.jpg 500w, https:\/\/jeshua.net\/esp\/wp\/wp-content\/uploads\/2024\/03\/Spaans-boek-I-253x300.jpg 253w, https:\/\/jeshua.net\/esp\/wp\/wp-content\/uploads\/2024\/03\/Spaans-boek-I-228x270.jpg 228w\" sizes=\"auto, (max-width: 500px) 100vw, 500px\" \/><\/a><\/figure>\n<\/figure>\n","protected":false},"excerpt":{"rendered":"<p>En este sitio web compartimos mensajes espirituales sobre crecimiento interior, la energ\u00eda de Cristo, los trabajadores de la luz, la nueva Tierra y la transici\u00f3n desde una consciencia basada en el ego hacia una consciencia basada en el coraz\u00f3n. Estos mensajes han sido y son recibidos mediante una conexi\u00f3n interna con Jeshua, personificaci\u00f3n de&#8230;<\/p>\n<p class=\"read-more\"><a class=\"btn btn-default\" href=\"https:\/\/jeshua.net\/esp\/\"> Read More<span class=\"screen-reader-text\">  Read More<\/span><\/a><\/p>\n","protected":false},"author":1,"featured_media":0,"parent":0,"menu_order":0,"comment_status":"closed","ping_status":"closed","template":"","meta":{"footnotes":""},"class_list":["post-6","page","type-page","status-publish","hentry"],"_links":{"self":[{"href":"https:\/\/jeshua.net\/esp\/wp-json\/wp\/v2\/pages\/6","targetHints":{"allow":["GET"]}}],"collection":[{"href":"https:\/\/jeshua.net\/esp\/wp-json\/wp\/v2\/pages"}],"about":[{"href":"https:\/\/jeshua.net\/esp\/wp-json\/wp\/v2\/types\/page"}],"author":[{"embeddable":true,"href":"https:\/\/jeshua.net\/esp\/wp-json\/wp\/v2\/users\/1"}],"replies":[{"embeddable":true,"href":"https:\/\/jeshua.net\/esp\/wp-json\/wp\/v2\/comments?post=6"}],"version-history":[{"count":23,"href":"https:\/\/jeshua.net\/esp\/wp-json\/wp\/v2\/pages\/6\/revisions"}],"predecessor-version":[{"id":994,"href":"https:\/\/jeshua.net\/esp\/wp-json\/wp\/v2\/pages\/6\/revisions\/994"}],"wp:attachment":[{"href":"https:\/\/jeshua.net\/esp\/wp-json\/wp\/v2\/media?parent=6"}],"curies":[{"name":"wp","href":"https:\/\/api.w.org\/{rel}","templated":true}]}}