{"id":16,"date":"2020-02-27T22:45:40","date_gmt":"2020-02-27T22:45:40","guid":{"rendered":"https:\/\/jeshua.net\/lv\/wp\/?page_id=16"},"modified":"2020-03-22T15:08:29","modified_gmt":"2020-03-22T15:08:29","slug":"laipni-ludzam","status":"publish","type":"page","link":"https:\/\/jeshua.net\/lv\/","title":{"rendered":"Laipni l\u016bdzam!"},"content":{"rendered":"\n<p>\u0160aj\u0101 interneta lap\u0101 m\u0113s pied\u0101v\u0101jam gar\u012bgus s\u016bt\u012bjumus par iek\u0161\u0113jo izaugsmi, Kristus ener\u0123iju, gaismas darbiniekiem, Jauno Zemi un par p\u0101reju no apzi\u0146as, balst\u012btas uz ego, uz apzi\u0146u, balst\u012btu uz sirdi. \u0160ie zi\u0146ojumi tika sa\u0146emti caur iek\u0161\u0113ju saikni ar Je\u0161ua. \u201cJe\u0161ua ben Josifs\u201d \u2013 tas ir aramie\u0161u v\u0101rds J\u0113zum, kur\u0161 iemiesoja Kristus ener\u0123ijas uz Zemes. Savos \u010denelingos vi\u0146\u0161 sauc sevi par Je\u0161ua un ir dr\u012bz\u0101k br\u0101lis un draugs nek\u0101 dievin\u0101ta autorit\u0101te, trad\u012bcijas rad\u012bta. Vi\u0146a ener\u0123ija v\u0113l joproj\u0101m ir mums pieejama \u2013 ne k\u0101 fiks\u0113tu domu un noteikumu komplekts, bet k\u0101 ce\u013ca r\u0101d\u012bt\u0101js pie Kristus m\u016bsu iek\u0161ien\u0113. <\/p>\n\n\n\n<div class=\"wp-block-image\"><figure class=\"alignright size-large\"><img loading=\"lazy\" decoding=\"async\" width=\"300\" height=\"303\" src=\"https:\/\/jeshua.net\/lv\/wp\/wp-content\/uploads\/2020\/02\/Gerrit-Pamela-2019.jpg\" alt=\"\" class=\"wp-image-17\" srcset=\"https:\/\/jeshua.net\/lv\/wp\/wp-content\/uploads\/2020\/02\/Gerrit-Pamela-2019.jpg 300w, https:\/\/jeshua.net\/lv\/wp\/wp-content\/uploads\/2020\/02\/Gerrit-Pamela-2019-297x300.jpg 297w, https:\/\/jeshua.net\/lv\/wp\/wp-content\/uploads\/2020\/02\/Gerrit-Pamela-2019-267x270.jpg 267w\" sizes=\"auto, (max-width: 300px) 100vw, 300px\" \/><\/figure><\/div>\n\n\n\n<p><strong>Kas m\u0113s esam?<\/strong><\/p>\n\n\n\n<p>M\u0113s esam prec\u0113ts p\u0101ris, kur\u0161 vada gar\u012bgu praksi N\u012bderland\u0113 (Eiropa). M\u0113s str\u0101d\u0101jam ar Je\u0161ua ener\u0123iju no 2002. gada. Pamela ir Je\u0161ua \u010denelers, bet Gerrits \u2013 regresijas terapeits, vi\u0146\u0161 pal\u012bdz Pamelai \u010denelinga seansu laik\u0101.<\/p>\n\n\n\n<p>Pamela:<\/p>\n\n\n\n<p><em>\u201cPriek\u0161 manis Je\u0161ua v\u0101rds ir saist\u012bts ne tik daudz ar J\u0113zus v\u0113sturisko person\u012bbu k\u0101 ar Kristus visuma ener\u0123iju, kuras da\u013ca m\u0113s visi esam. Kad es p\u0101rraidu Je\u0161ua s\u016bt\u012bjumus, es j\u016btos dzi\u013ci iegremd\u0113ta m\u012blest\u012bbas un l\u012bdzciet\u012bbas lauk\u0101, un t\u0101d\u0101 apzi\u0146as st\u0101vokl\u012b es pie\u0146emu Je\u0161ua s\u016bt\u012bjumus.\u201d<\/em><\/p>\n\n\n\n<p><strong>K\u0101 las\u012bt materi\u0101lu<\/strong><\/p>\n\n\n\n<p>\u010cenelingi ir sak\u0101rtoti t\u0101d\u0101 sec\u012bb\u0101, k\u0101d\u0101 m\u0113s tos sa\u0146\u0113m\u0101m. S\u0113rija \u201cGaismas Darbinieki\u201d \u2013 ir galven\u0101, jo t\u0101 paskaidro galvenos j\u0113dzienus, v\u0113l\u0101ki s\u016bt\u012bjumi bie\u017ei uz to atsaucos. P\u0101r\u0113jie \u010denelingi tika sa\u0146emti auditorijas kl\u0101tb\u016btn\u0113 un apgaismo t\u0101das t\u0113mas k\u0101 savstarp\u0113j\u0101s attiec\u012bbas, darbs, pa\u0161izdziedin\u0101\u0161ana un t\u0101 t\u0101l\u0101k.<\/p>\n\n\n\n<p>Lai s\u012bk\u0101k uzzin\u0101tu par Je\u0161ua person\u012bbu, lasiet sada\u013cu\u00a0<a href=\"https:\/\/jeshua.net\/lv\/kas-mes-esam\/kas-ir-jesua\/\">\u201cKas ir Je\u0161ua?\u201d<\/a><\/p>\n\n\n\n<p>Lai s\u012bk\u0101k uzzin\u0101tu, kas ir \u010denelings un k\u0101 Pamela s\u0101ka sa\u0146emt \u010denelingus no Je\u0161ua, skatieties\u00a0<a href=\"https:\/\/jeshua.net\/lv\/kas-mes-esam\/pamela-kribbe\/\">\u201cBiogr\u0101fija un da\u017ei v\u0101rdi par \u010denelingu\u201d<\/a><\/p>\n\n\n\n<p><strong>Gr\u0101mata<\/strong><\/p>\n\n\n\n<p>Je\u0161ua \u010denelingi ir public\u0113ti gr\u0101matas form\u0101t\u0101 (ang\u013cu valod\u0101). Spiediet&nbsp;<a href=\"https:\/\/www.jeshua.net\/book\" target=\"_blank\" rel=\"noreferrer noopener\">\u0161eit<\/a>, lai ieg\u016btu piln\u012bg\u0101ku inform\u0101ciju vai pirktu caur internetu.<\/p>\n\n\n\n<p><strong>Jaunumu v\u0113stule<br><br><\/strong>\u0160\u012b lapa pa laikam tiek atjaunin\u0101ta ar jauniem materi\u0101liem. Ja v\u0113laties, lai j\u016bs tiktu inform\u0113ts par jauniem kan\u0101liem (ang\u013cu valod\u0101), nos\u016btiet mums e-pastu ar fr\u0101zi \u2018newsletter please\u2019 Subject lauk\u0101.<\/p>\n\n\n\n<p><strong>Kontaktinform\u0101cija<\/strong><\/p>\n\n\n\n<p>J\u016bs varat uzrakst\u012bt mums uz e-pastu&nbsp;<a href=\"mailto:aurelia@jeshua.net\">aurelia@jeshua.net<\/a><\/p>\n\n\n\n<p>M\u0113s priec\u0101jamies par j\u016bsu atsauksm\u0113m, ta\u010du sakar\u0101 ar sa\u0146emt\u0101s korespondences apjomu, m\u0113s nevaram atbild\u0113t uz visiem j\u016bsu e-pastiem. M\u0113s ar\u012b nepied\u0101v\u0101jam gar\u012bgus vai terapeitiskus padomus pa e-pastu. Tom\u0113r, l\u016bdzu, atcerieties, ka m\u0113s priec\u0101jamies uzzin\u0101t par j\u016bsu reakciju uz s\u016bt\u012bjumiem!<\/p>\n\n\n\n<p><\/p>\n","protected":false},"excerpt":{"rendered":"<p>\u0160aj\u0101 interneta lap\u0101 m\u0113s pied\u0101v\u0101jam gar\u012bgus s\u016bt\u012bjumus par iek\u0161\u0113jo izaugsmi, Kristus ener\u0123iju, gaismas darbiniekiem, Jauno Zemi un par p\u0101reju no apzi\u0146as, balst\u012btas uz ego, uz apzi\u0146u, balst\u012btu uz sirdi. \u0160ie zi\u0146ojumi tika sa\u0146emti caur iek\u0161\u0113ju saikni ar Je\u0161ua. \u201cJe\u0161ua ben Josifs\u201d \u2013 tas ir aramie\u0161u v\u0101rds J\u0113zum, kur\u0161 iemiesoja Kristus ener\u0123ijas uz Zemes. Savos&#8230;<\/p>\n<p class=\"read-more\"><a class=\"btn btn-default\" href=\"https:\/\/jeshua.net\/lv\/\"> Read More<span class=\"screen-reader-text\">  Read More<\/span><\/a><\/p>\n","protected":false},"author":1,"featured_media":0,"parent":0,"menu_order":0,"comment_status":"closed","ping_status":"closed","template":"","meta":{"footnotes":""},"class_list":["post-16","page","type-page","status-publish","hentry"],"_links":{"self":[{"href":"https:\/\/jeshua.net\/lv\/wp-json\/wp\/v2\/pages\/16","targetHints":{"allow":["GET"]}}],"collection":[{"href":"https:\/\/jeshua.net\/lv\/wp-json\/wp\/v2\/pages"}],"about":[{"href":"https:\/\/jeshua.net\/lv\/wp-json\/wp\/v2\/types\/page"}],"author":[{"embeddable":true,"href":"https:\/\/jeshua.net\/lv\/wp-json\/wp\/v2\/users\/1"}],"replies":[{"embeddable":true,"href":"https:\/\/jeshua.net\/lv\/wp-json\/wp\/v2\/comments?post=16"}],"version-history":[{"count":2,"href":"https:\/\/jeshua.net\/lv\/wp-json\/wp\/v2\/pages\/16\/revisions"}],"predecessor-version":[{"id":396,"href":"https:\/\/jeshua.net\/lv\/wp-json\/wp\/v2\/pages\/16\/revisions\/396"}],"wp:attachment":[{"href":"https:\/\/jeshua.net\/lv\/wp-json\/wp\/v2\/media?parent=16"}],"curies":[{"name":"wp","href":"https:\/\/api.w.org\/{rel}","templated":true}]}}