{"id":43,"date":"2023-08-21T22:27:37","date_gmt":"2023-08-21T22:27:37","guid":{"rendered":"https:\/\/jeshua.net\/se\/wp\/?page_id=43"},"modified":"2023-08-29T20:51:25","modified_gmt":"2023-08-29T20:51:25","slug":"valkomna","status":"publish","type":"page","link":"https:\/\/jeshua.net\/se\/","title":{"rendered":"V\u00e4lkomna!"},"content":{"rendered":"<div class=\"wp-block-image\">\n<figure class=\"alignright\" id=\"block-624928ca-e942-4cb9-896c-067028d7b3be\"><img decoding=\"async\" src=\"https:\/\/jeshua.net\/se\/wp\/wp-content\/uploads\/2023\/08\/Pamela-2023-1-194x300-1.jpg\" alt=\"Denna bild har ett alt-attribut som \u00e4r tomt. Dess filnamn \u00e4r Pamela-2023-1-194x300-1.jpg\"\/><\/figure>\n<\/div>\n\n\n<p id=\"block-53b8ecde-8e2c-4011-864d-61ee08426033\">P\u00e5 denna websida presenterar vi andliga budskap r\u00f6rande inre utveckling, Kristusenergin, Ljusarbetare, den Nya Jorden och \u00f6verg\u00e5ngen fr\u00e5n egobaserat till hj\u00e4rtbaserat medvetande. Dessa budskap har mottagits fr\u00e5n en inre f\u00f6rbindelse med Jeshua. \u201dJeshua ben Joseph\u201d \u00e4r det ursprungliga arameiska namnet f\u00f6r Jesus, personifieringen av Kristusenergin p\u00e5 jorden. I dessa kanaliseringar presenterar han sig sj\u00e4lv som Jeshua, en broder och v\u00e4n till oss, snarare \u00e4n den avgudade auktoritet som traditionen gjort honom till. Hans energi finns fortfarande tillg\u00e4nglig f\u00f6r oss, inte s\u00e5 mycket som fastst\u00e4llda id\u00e9er eller regler, men som en fingervisning om hur vi kan finna v\u00e4gen till Kristus inom oss sj\u00e4lva.<\/p>\n\n\n<div class=\"wp-block-image\">\n<figure class=\"alignright\" id=\"block-0215f723-a24d-4cf8-b03b-89c0d710848e\"><img decoding=\"async\" src=\"https:\/\/jeshua.net\/se\/wp\/wp-content\/uploads\/2023\/08\/gerrit2-224x300-1.jpg\" alt=\"Denna bild har ett alt-attribut som \u00e4r tomt. Dess filnamn \u00e4r gerrit2-224x300-1.jpg\"\/><\/figure>\n<\/div>\n\n\n<p id=\"block-20e7c9ff-2479-4733-8a8b-9f47edd0f521\"><strong>Vilka \u00e4r vi?<\/strong><\/p>\n\n\n\n<p id=\"block-5ee41b8b-9c6a-4f0d-86c8-8a0c411e4ae3\">Vi \u00e4r ett gift par med egen praktik i Holland (Europa). Vi har arbetat med energin av Jeshua sedan \u00e5r 2000. Pamela kanaliserar Jeshua och Gerrit \u00e4r regressionsterapeut och ackompanjerar alltid Pamela under kanaliseringarna.<\/p>\n\n\n\n<p id=\"block-33099cbb-a912-4611-a63d-272d3e3d0b80\">Pamela:<\/p>\n\n\n\n<p id=\"block-880ca477-cf5f-424d-88b9-48c53067cca5\"><em>\u201dF\u00f6r mig har kopplingen till namnet Jeshua inte s\u00e5 mycket att g\u00f6ra med den historiska personen Jesus som det har att g\u00f6ra med den universella Kristusenergin som vi alla \u00e4r del av. N\u00e4r jag kanaliserar Jeshua, k\u00e4nner jag mig djupt indragen i detta f\u00e4lt av k\u00e4rlek och medk\u00e4nsla och i detta medvetandetillst\u00e5nd mottar jag budskapen fr\u00e5n Jeshua.\u201d<\/em>&nbsp;<\/p>\n\n\n\n<p id=\"block-938eff1a-feec-4840-a93d-eec4ef360d23\"><strong>Hur l\u00e4ser man materialet?<\/strong><\/p>\n\n\n\n<p id=\"block-671b986b-3481-4d33-8516-e53045686775\">Kanaliseringarna \u00e4r listade I den ordning som vi mottog dem. Ljusarbetarserien \u00e4r grundl\u00e4ggande p\u00e5 s\u00e5 s\u00e4tt att den f\u00f6rklarar vissa centrala begrepp och senare budskap relaterar ofta tillbaka till den. De andra kanaliseringarna har mottagits i n\u00e4rvaro av en \u00e5h\u00f6rarskara och tar upp olika \u00e4mnen s\u00e5som relationer, arbete, sj\u00e4lvl\u00e4kande m.m.<\/p>\n\n\n\n<p id=\"block-9e710f0c-171a-4f53-9320-a9a0faafce84\">F\u00f6r att f\u00e5 veta mer om Jeshuas identitet, ta en titt p\u00e5 \u201c<a href=\"https:\/\/jeshua.net\/se\/allman\/vem-ar-jeshua\/\">Vem \u00e4r Jeshua<\/a>\u201d<\/p>\n\n\n\n<p id=\"block-60f96532-42d1-4742-bf4e-f3d89a2ad278\">F\u00f6r att b\u00e4ttre f\u00f6rst\u00e5 vad \u201dkanalisering\u201d inneb\u00e4r och hur Pamela b\u00f6rjade kanalisera Jeshua, se &#8221;<a href=\"https:\/\/jeshua.net\/se\/allman\/pamela-kribbe\/\">Biografi och n\u00e5gra noteringar ang\u00e5ende kanalisering<\/a>&#8221;<\/p>\n\n\n\n<p id=\"block-96474fff-ce35-4824-a46d-7ff3919d8657\"><strong>B\u00f6cker<\/strong><br><br>F\u00f6r n\u00e4rvarande finns inte de kanaliserade budskapen utgivna i bokform p\u00e5 svenska, men de finns tillg\u00e4ngliga p\u00e5 engelska! Klicka&nbsp;<a href=\"https:\/\/www.jeshua.net\/category\/books\/\">h\u00e4r<\/a>&nbsp;f\u00f6r mer information eller f\u00f6r att best\u00e4lla via internet.<\/p>\n\n\n\n<p id=\"block-911203e2-938e-4c53-bce9-c0a368dafcf9\"><strong>Kontakt<\/strong><\/p>\n\n\n\n<p id=\"block-5cc2e513-71e6-4087-81b2-6072e7659104\">Vi v\u00e4lkomnar din feedback men p\u00e5 grund av den m\u00e4ngd korrespondens som vi mottar kan vi inte svara p\u00e5 alla era e-mail. Vi erbjuder inte heller andlig eller terapeutisk r\u00e5dgivning via e-mail. Men var f\u00f6rs\u00e4krade om att vi \u00e4r glada \u00f6ver att l\u00e4sa om era reaktioner!<br>Anv\u00e4nd kontaktformul\u00e4ret nedan f\u00f6r detta.<\/p>\n\n\n\n<div class=\"wpcf7 no-js\" id=\"wpcf7-f187-o1\" lang=\"sv-SE\" dir=\"ltr\" data-wpcf7-id=\"187\">\n<div class=\"screen-reader-response\"><p role=\"status\" aria-live=\"polite\" aria-atomic=\"true\"><\/p> <ul><\/ul><\/div>\n<form action=\"\/se\/wp-json\/wp\/v2\/pages\/43#wpcf7-f187-o1\" method=\"post\" class=\"wpcf7-form init\" aria-label=\"Kontaktformul\u00e4r\" novalidate=\"novalidate\" data-status=\"init\">\n<div style=\"display: none;\">\n<input type=\"hidden\" name=\"_wpcf7\" value=\"187\" \/>\n<input type=\"hidden\" name=\"_wpcf7_version\" value=\"6.0.6\" \/>\n<input type=\"hidden\" name=\"_wpcf7_locale\" value=\"sv_SE\" \/>\n<input type=\"hidden\" name=\"_wpcf7_unit_tag\" value=\"wpcf7-f187-o1\" \/>\n<input type=\"hidden\" name=\"_wpcf7_container_post\" value=\"0\" \/>\n<input type=\"hidden\" name=\"_wpcf7_posted_data_hash\" value=\"\" \/>\n<\/div>\n<p><label> Ditt namn<br \/>\n<span class=\"wpcf7-form-control-wrap\" data-name=\"your-name\"><input size=\"40\" maxlength=\"400\" class=\"wpcf7-form-control wpcf7-text wpcf7-validates-as-required\" autocomplete=\"name\" aria-required=\"true\" aria-invalid=\"false\" value=\"\" type=\"text\" name=\"your-name\" \/><\/span> <\/label>\n<\/p>\n<p><label> Din e-post<br \/>\n<span class=\"wpcf7-form-control-wrap\" data-name=\"your-email\"><input size=\"40\" maxlength=\"400\" class=\"wpcf7-form-control wpcf7-email wpcf7-validates-as-required wpcf7-text wpcf7-validates-as-email\" autocomplete=\"email\" aria-required=\"true\" aria-invalid=\"false\" value=\"\" type=\"email\" name=\"your-email\" \/><\/span> <\/label>\n<\/p>\n<p><label> \u00c4mne<br \/>\n<span class=\"wpcf7-form-control-wrap\" data-name=\"your-subject\"><input size=\"40\" maxlength=\"400\" class=\"wpcf7-form-control wpcf7-text wpcf7-validates-as-required\" aria-required=\"true\" aria-invalid=\"false\" value=\"\" type=\"text\" name=\"your-subject\" \/><\/span> <\/label>\n<\/p>\n<p><label> Ditt meddelande (valfritt)<br \/>\n<span class=\"wpcf7-form-control-wrap\" data-name=\"your-message\"><textarea cols=\"40\" rows=\"10\" maxlength=\"2000\" class=\"wpcf7-form-control wpcf7-textarea\" aria-invalid=\"false\" name=\"your-message\"><\/textarea><\/span> <\/label>\n<\/p>\n<p><input class=\"wpcf7-form-control wpcf7-submit has-spinner\" type=\"submit\" value=\"Skicka\" \/>\n<\/p><div class=\"wpcf7-response-output\" aria-hidden=\"true\"><\/div>\n<\/form>\n<\/div>\n\n\n\n\n<hr class=\"wp-block-separator has-alpha-channel-opacity\"\/>\n","protected":false},"excerpt":{"rendered":"<p>P\u00e5 denna websida presenterar vi andliga budskap r\u00f6rande inre utveckling, Kristusenergin, Ljusarbetare, den Nya Jorden och \u00f6verg\u00e5ngen fr\u00e5n egobaserat till hj\u00e4rtbaserat medvetande. Dessa budskap har mottagits fr\u00e5n en inre f\u00f6rbindelse med Jeshua. \u201dJeshua ben Joseph\u201d \u00e4r det ursprungliga arameiska namnet f\u00f6r Jesus, personifieringen av Kristusenergin p\u00e5 jorden. I dessa kanaliseringar presenterar han sig sj\u00e4lv&#8230;<\/p>\n<p class=\"read-more\"><a class=\"btn btn-default\" href=\"https:\/\/jeshua.net\/se\/\"> Read More<span class=\"screen-reader-text\">  Read More<\/span><\/a><\/p>\n","protected":false},"author":1,"featured_media":0,"parent":0,"menu_order":0,"comment_status":"closed","ping_status":"closed","template":"","meta":{"footnotes":""},"class_list":["post-43","page","type-page","status-publish","hentry"],"_links":{"self":[{"href":"https:\/\/jeshua.net\/se\/wp-json\/wp\/v2\/pages\/43","targetHints":{"allow":["GET"]}}],"collection":[{"href":"https:\/\/jeshua.net\/se\/wp-json\/wp\/v2\/pages"}],"about":[{"href":"https:\/\/jeshua.net\/se\/wp-json\/wp\/v2\/types\/page"}],"author":[{"embeddable":true,"href":"https:\/\/jeshua.net\/se\/wp-json\/wp\/v2\/users\/1"}],"replies":[{"embeddable":true,"href":"https:\/\/jeshua.net\/se\/wp-json\/wp\/v2\/comments?post=43"}],"version-history":[{"count":6,"href":"https:\/\/jeshua.net\/se\/wp-json\/wp\/v2\/pages\/43\/revisions"}],"predecessor-version":[{"id":190,"href":"https:\/\/jeshua.net\/se\/wp-json\/wp\/v2\/pages\/43\/revisions\/190"}],"wp:attachment":[{"href":"https:\/\/jeshua.net\/se\/wp-json\/wp\/v2\/media?parent=43"}],"curies":[{"name":"wp","href":"https:\/\/api.w.org\/{rel}","templated":true}]}}